{"id":10,"date":"2013-10-28T18:30:45","date_gmt":"2013-10-28T16:30:45","guid":{"rendered":"http:\/\/prolight.ch.vasco.sui-inter.net\/?page_id=10"},"modified":"2020-03-21T18:07:51","modified_gmt":"2020-03-21T16:07:51","slug":"das-unternehmen","status":"publish","type":"page","link":"https:\/\/prolight.ch\/?page_id=10","title":{"rendered":"Das Unternehmen"},"content":{"rendered":"<p>Prolight Eventtechnik wurde 1994 als Einzelfirma von Patrik Ita gegr\u00fcndet. Seit \u00fcber 10 Jahren bieten wir einen Fullservice in der Veranstaltungstechnik an. Egal ob Generalversammlung, Messebau, Konzert, Party oder Firmenanlass, wir haben immer das passende Konzept.<\/p>\n<p>Wir verf\u00fcgen \u00fcber einen grossen Mietpark, an diversem professionellem Equipment, von der Beleuchtung bis zur Musikanlage, das Sie auch selber abholen und bedienen k\u00f6nnen, oder gleich bei uns das passende Personal dazu mieten. Inkl. Transporte, vom PKW bis zum LKW! Wir haben f\u00fcr jede Produktion das passende Fahrzeug in unserem eigenen Fuhrpark.<\/p>\n<p>Wir wickeln \u00fcber 1000 Auftr\u00e4ge Im Jahr zur Zufriedenheit unserer Kunden ab und disponieren Ihren Auftrag \u00fcber unsere computergest\u00fctzte Auftragsabwicklung, damit Sie sich auf einen reibungslosen Ablauf zu jedem Zeitpunkt der Veranstaltung verlassen k\u00f6nnen. Wir \u00fcberlassen nichts dem Zufall.<\/p>\n<p>Professionelle Veranstaltungstechnik aus Winterthur, rufen Sie uns an!<\/p>\n<p>Unsere B\u00fcrozeiten:<\/p>\n<p>Montag &#8211; Freitag 10.00 &#8211; 12.00 \/ 13.00 &#8211; 18.00<br \/>\nSamstag auf Anfrage<\/p>\n<p>Prolight Eventtechnik<br \/>\nPatrik Ita<br \/>\nAuenrainstrasse 44<br \/>\n8406 Winterthur<\/p>\n<p>pita@prolight.ch<br \/>\n\u202d+41 79 310 33 88\u202c<\/p>\n","protected":false},"excerpt":{"rendered":"<p>Prolight Eventtechnik wurde 1994 als Einzelfirma von Patrik Ita gegr\u00fcndet. Seit \u00fcber 10 Jahren bieten wir einen Fullservice in der Veranstaltungstechnik an. Egal ob Generalversammlung, Messebau, Konzert, Party oder Firmenanlass, wir haben immer das passende Konzept. Wir verf\u00fcgen \u00fcber einen grossen Mietpark, an diversem professionellem Equipment, von der Beleuchtung bis zur Musikanlage, das Sie auch [&hellip;]<\/p>\n","protected":false},"author":1,"featured_media":13,"parent":0,"menu_order":0,"comment_status":"open","ping_status":"closed","template":"","meta":{"footnotes":""},"class_list":["post-10","page","type-page","status-publish","hentry"],"_links":{"self":[{"href":"https:\/\/prolight.ch\/index.php?rest_route=\/wp\/v2\/pages\/10","targetHints":{"allow":["GET"]}}],"collection":[{"href":"https:\/\/prolight.ch\/index.php?rest_route=\/wp\/v2\/pages"}],"about":[{"href":"https:\/\/prolight.ch\/index.php?rest_route=\/wp\/v2\/types\/page"}],"author":[{"embeddable":true,"href":"https:\/\/prolight.ch\/index.php?rest_route=\/wp\/v2\/users\/1"}],"replies":[{"embeddable":true,"href":"https:\/\/prolight.ch\/index.php?rest_route=%2Fwp%2Fv2%2Fcomments&post=10"}],"version-history":[{"count":4,"href":"https:\/\/prolight.ch\/index.php?rest_route=\/wp\/v2\/pages\/10\/revisions"}],"predecessor-version":[{"id":168,"href":"https:\/\/prolight.ch\/index.php?rest_route=\/wp\/v2\/pages\/10\/revisions\/168"}],"wp:featuredmedia":[{"embeddable":true,"href":"https:\/\/prolight.ch\/index.php?rest_route=\/wp\/v2\/media\/13"}],"wp:attachment":[{"href":"https:\/\/prolight.ch\/index.php?rest_route=%2Fwp%2Fv2%2Fmedia&parent=10"}],"curies":[{"name":"wp","href":"https:\/\/api.w.org\/{rel}","templated":true}]}}