{"id":116,"date":"2013-11-22T23:52:54","date_gmt":"2013-11-22T21:52:54","guid":{"rendered":"http:\/\/prolight.ch.vasco.sui-inter.net\/?page_id=116"},"modified":"2013-11-22T23:52:54","modified_gmt":"2013-11-22T21:52:54","slug":"vermietung","status":"publish","type":"page","link":"https:\/\/prolight.ch\/?page_id=116","title":{"rendered":"Vermietung"},"content":{"rendered":"<p>Mit unseren Mietartikeln gelingt jeder Event. Ob Technik f\u00fcr Konferenzen, Licht &amp; Beschallung f\u00fcr Partys, Musicals, Konzerte, Open-Airs oder Technopartys: Unser Expertenwissen gepaart mit Top Qualit\u00e4t bilden die Grundlage eines erfolgreichen Events.<\/p>\n<h3>Miet-Info:<\/h3>\n<p>Wir bieten Ihnen mietweise professionelles Licht-, Ton- und Projektionsequipment, sowohl zum Abholen als auch mit Vollservice. Gerne beraten wir Sie bei der Auswahl oder stellen Ihnen eine auf Ihre Bed\u00fcrfnisse angepasste Anlage zusammen. Schreiben Sie uns ein E-Mail oder rufen Sie uns an!<\/p>\n<p>Einen \u00dcberblick \u00fcber unsere Mietartikel gibt Ihnen unsere Mietartikel-Preisliste im Format PDF: Downloads<\/p>\n<p>Alle aufgef\u00fchrten Ger\u00e4te sind ab Lager Winterthur-T\u00f6ss abhol-\/lieferbar. Sollten Sie ein Ger\u00e4t oder Zubeh\u00f6r ben\u00f6tigen, welches nicht in unserer Liste ist, fragen Sie uns bitte an.<\/p>\n","protected":false},"excerpt":{"rendered":"<p>Mit unseren Mietartikeln gelingt jeder Event. Ob Technik f\u00fcr Konferenzen, Licht &amp; Beschallung f\u00fcr Partys, Musicals, Konzerte, Open-Airs oder Technopartys: Unser Expertenwissen gepaart mit Top Qualit\u00e4t bilden die Grundlage eines erfolgreichen Events. Miet-Info: Wir bieten Ihnen mietweise professionelles Licht-, Ton- und Projektionsequipment, sowohl zum Abholen als auch mit Vollservice. Gerne beraten wir Sie bei der [&hellip;]<\/p>\n","protected":false},"author":1,"featured_media":0,"parent":0,"menu_order":0,"comment_status":"open","ping_status":"closed","template":"","meta":{"footnotes":""},"class_list":["post-116","page","type-page","status-publish","hentry"],"_links":{"self":[{"href":"https:\/\/prolight.ch\/index.php?rest_route=\/wp\/v2\/pages\/116","targetHints":{"allow":["GET"]}}],"collection":[{"href":"https:\/\/prolight.ch\/index.php?rest_route=\/wp\/v2\/pages"}],"about":[{"href":"https:\/\/prolight.ch\/index.php?rest_route=\/wp\/v2\/types\/page"}],"author":[{"embeddable":true,"href":"https:\/\/prolight.ch\/index.php?rest_route=\/wp\/v2\/users\/1"}],"replies":[{"embeddable":true,"href":"https:\/\/prolight.ch\/index.php?rest_route=%2Fwp%2Fv2%2Fcomments&post=116"}],"version-history":[{"count":1,"href":"https:\/\/prolight.ch\/index.php?rest_route=\/wp\/v2\/pages\/116\/revisions"}],"predecessor-version":[{"id":117,"href":"https:\/\/prolight.ch\/index.php?rest_route=\/wp\/v2\/pages\/116\/revisions\/117"}],"wp:attachment":[{"href":"https:\/\/prolight.ch\/index.php?rest_route=%2Fwp%2Fv2%2Fmedia&parent=116"}],"curies":[{"name":"wp","href":"https:\/\/api.w.org\/{rel}","templated":true}]}}